{"id":535,"date":"2021-12-12T11:46:56","date_gmt":"2021-12-12T11:46:56","guid":{"rendered":"https:\/\/arquitecturasincera.com\/?page_id=535"},"modified":"2021-12-13T20:29:56","modified_gmt":"2021-12-13T20:29:56","slug":"serveis-tecnics","status":"publish","type":"page","link":"https:\/\/arquitecturasincera.com\/ca\/serveis-tecnics\/","title":{"rendered":"Serveis t\u00e8cnics"},"content":{"rendered":"<section id=\"section-134-98\" class=\" ct-section  ct-section-with-shape-divider\" style=\"background-image:linear-gradient(rgba(95,108,89,0.7), rgba(95,108,89,0.7)), url(https:\/\/arquitecturasincera.com\/wp-content\/uploads\/2021\/11\/servicios-tecnicos-arquitectura-sincera.jpg);background-size:auto,  cover;\" ><div class=\"ct-section-inner-wrap\"><h1 id=\"headline-135-98\" class=\"ct-headline as-hero-h1\"><span id=\"span-136-98\" class=\"ct-span\" >Serveis t\u00e8cnics<\/span><\/h1>\n\t\t<div id=\"-shape-divider-137-98\" class=\"oxy-shape-divider as-shape-divider \" >        \n        <div class=\"oxy_shape_divider\" >\n            <svg xmlns=\"http:\/\/www.w3.org\/2000\/svg\" viewBox=\"0 0 1440.06 125\" preserveAspectRatio=\"none\"><defs><style>.cls-1{fill:#fff;}.cls-2{fill:#819678;}.cls-3{fill:#91ab85;}<\/style><\/defs><g id=\"Capa_2\" data-name=\"Capa 2\"><g id=\"Capa_1-2\" data-name=\"Capa 1\"><path class=\"cls-1\" d=\"M0,9S263.5,70.5,713,73.5,1440,0,1440,0V125H0Z\"\/><path class=\"cls-2\" d=\"M0,15.31C624,168.11,1219.67,63.67,1440,0,903.2,116.4,257.17,53.91,0,.41Z\"\/><path class=\"cls-3\" d=\"M1440.06,15.35C816.06,168.15,220.33,79,0,15.31,536.8,131.71,1182.83,53.5,1440,0Z\"\/><\/g><\/g><\/svg>        <\/div>\n\n        <\/div>\n\n\t\t<\/div><\/section>\n\n<section id=\"section-148-126\" class=\" ct-section\" ><div class=\"ct-section-inner-wrap\"><div id=\"div_block-5-126\" class=\"ct-div-block es-bar\" ><\/div><div id=\"div_block-8-126\" class=\"ct-div-block\" ><h1 id=\"headline-7-126\" class=\"ct-headline as-header-2\">Suport complet per al vostre projecte<\/h1><div id=\"text_block-10-126\" class=\"ct-text-block\" >A Arquitectura Sincera tamb\u00e9 oferim serveis t\u00e8cnics:<\/div><\/div><\/div><\/section>\n\n<section id=\"section-4-126\" class=\" ct-section\" ><div class=\"ct-section-inner-wrap\"><div id=\"code_block-130-126\" class=\"ct-code-block\" ><\/div><div id=\"new_columns-15-126\" class=\"ct-new-columns as-servicios-col-left\" ><div id=\"div_block-16-126\" class=\"ct-div-block\" ><img decoding=\"async\"  id=\"image-18-126\" alt=\"\" src=\"https:\/\/arquitecturasincera.com\/wp-content\/uploads\/2021\/11\/image-12.jpg\" class=\"ct-image as-servicio-image\"\/><\/div><div id=\"div_block-17-126\" class=\"ct-div-block\" ><h3 id=\"headline-19-126\" class=\"ct-headline as-card-heading\">Estudi de geobiologia<\/h3><div id=\"text_block-21-126\" class=\"ct-text-block as-card-txt\" >Estudi en qu\u00e8 analitzem les radiacions <b>naturals i artificials<\/b> en espais com, el teu lloc de treball o habitatge, per fer mesures correctives que minimitzin l'impacte i l'efecte en la salut de les persones.<\/div><div id=\"div_block-138-126\" class=\"ct-div-block as-servicios-button-wrapper\" ><a id=\"link_button-24-126\" class=\"ct-link-button as-card-button\" href=\"#as-form-section\" target=\"_self\"   asunto=\"Estudio de geobiolog\u00eda\">Sol\u00b7licitar pressupost<\/a><\/div><\/div><\/div><div id=\"new_columns-26-126\" class=\"ct-new-columns as-servicios-col-right\" ><div id=\"div_block-27-126\" class=\"ct-div-block\" ><h3 id=\"headline-135-126\" class=\"ct-headline as-card-heading\">Autoconsum amb energia fotovoltaica<\/h3><div id=\"text_block-136-126\" class=\"ct-text-block as-card-txt\" >Realitzem projectes per a la implantaci\u00f3 d'energia fotovoltaica als edificis i aix\u00ed aconseguir un autoconsum d'energia el\u00e8ctrica.<\/div><div id=\"div_block-146-126\" class=\"ct-div-block as-servicios-button-wrapper\" ><a id=\"link_button-137-126\" class=\"ct-link-button as-card-button\" href=\"#as-form-section\" target=\"_self\"   asunto=\"Autoconsumo con energia fotovoltaica\">Sol\u00b7licitar pressupost<\/a><\/div><\/div><div id=\"div_block-28-126\" class=\"ct-div-block\" ><img decoding=\"async\"  id=\"image-133-126\" alt=\"\" src=\"https:\/\/arquitecturasincera.com\/wp-content\/uploads\/2021\/11\/panel-solar.jpg\" class=\"ct-image as-servicio-image\"\/><\/div><\/div><div id=\"new_columns-36-126\" class=\"ct-new-columns as-servicios-col-left\" ><div id=\"div_block-37-126\" class=\"ct-div-block\" ><img decoding=\"async\"  id=\"image-34-126\" alt=\"\" src=\"https:\/\/arquitecturasincera.com\/wp-content\/uploads\/2021\/11\/drawing-project-2021-08-26-16-00-34-utc-1.jpg\" class=\"ct-image as-servicio-image\"\/><\/div><div id=\"div_block-38-126\" class=\"ct-div-block\" ><h3 id=\"headline-29-126\" class=\"ct-headline as-card-heading\">Projecte d'activitats<\/h3><div id=\"text_block-31-126\" class=\"ct-text-block as-card-txt\" >Projecte necessari per poder desenvolupar una activitat com: restaurants, oficines, botigues de roba, etc. i amb el qual realitzem els tr\u00e0mits per demanar perm\u00eds de l'ajuntament per obrir el negoci i exposar totes les mesures necess\u00e0ries perqu\u00e8 sigui possible.<\/div><div id=\"div_block-139-126\" class=\"ct-div-block as-servicios-button-wrapper\" ><a id=\"link_button-33-126\" class=\"ct-link-button as-card-button\" href=\"#as-form-section\" target=\"_self\"   asunto=\"Proyecto de actividades\">Sol\u00b7licitar pressupost<\/a><\/div><\/div><\/div><div id=\"new_columns-48-126\" class=\"ct-new-columns as-servicios-col-right\" ><div id=\"div_block-49-126\" class=\"ct-div-block\" ><h3 id=\"headline-40-126\" class=\"ct-headline as-card-heading\">C\u00e8dula d'habitabilitat<\/h3><div id=\"text_block-42-126\" class=\"ct-text-block as-card-txt\" >Necessari per certificar que l'habitatge \u00e9s habitable i necessari per vendre, llogar o donar d'alta subministraments com l'aigua, el gas i l'electricitat. T\u00e9 una vig\u00e8ncia de 15 anys i s'ha de renovar transcorregut aquest termini o en cas de fer reformes que comportin un canvi substancial de l'habitatge.<\/div><div id=\"div_block-140-126\" class=\"ct-div-block as-servicios-button-wrapper\" ><a id=\"link_button-44-126\" class=\"ct-link-button as-card-button\" href=\"#as-form-section\" target=\"_self\"   asunto=\"C\u00e9dula de habitabilidad\">Sol\u00b7licitar pressupost<\/a><\/div><\/div><div id=\"div_block-50-126\" class=\"ct-div-block\" ><img decoding=\"async\"  id=\"image-39-126\" alt=\"\" src=\"https:\/\/arquitecturasincera.com\/wp-content\/uploads\/2021\/11\/the-hand-of-the-man-does-entries-in-official-paper-2021-08-26-20-11-09-utc-1.jpg\" class=\"ct-image as-servicio-image\"\/><\/div><\/div><div id=\"new_columns-61-126\" class=\"ct-new-columns as-servicios-col-left\" ><div id=\"div_block-62-126\" class=\"ct-div-block\" ><img decoding=\"async\"  id=\"image-60-126\" alt=\"\" src=\"https:\/\/arquitecturasincera.com\/wp-content\/uploads\/2021\/11\/drawing-project-2021-08-26-16-00-34-utc-2.jpg\" class=\"ct-image as-servicio-image\"\/><\/div><div id=\"div_block-63-126\" class=\"ct-div-block\" ><h3 id=\"headline-53-126\" class=\"ct-headline as-card-heading\">Certificat d'efici\u00e8ncia energ\u00e8tica<\/h3><div id=\"text_block-56-126\" class=\"ct-text-block as-card-txt\" >Certificat per determinar com \u00e9s l'habitatge eficient i en qu\u00e8 es tenen en compte les seves solucions constructives. \u00c9s obligatori per vendre i llogar i en construccions d'obra nova. T\u00e9 una vig\u00e8ncia de 10 anys i s'ha de renovar transcorregut aquest termini o en cas de fer reformes que comportin un canvi substancial de l'habitatge.<\/div><div id=\"div_block-141-126\" class=\"ct-div-block as-servicios-button-wrapper\" ><a id=\"link_button-58-126\" class=\"ct-link-button as-card-button\" href=\"#as-form-section\" target=\"_self\"   asunto=\"Certificado de eficiencia energ\u00e9tica\">Sol\u00b7licitar pressupost<\/a><\/div><\/div><\/div><div id=\"new_columns-71-126\" class=\"ct-new-columns as-servicios-col-right\" ><div id=\"div_block-72-126\" class=\"ct-div-block\" ><h3 id=\"headline-65-126\" class=\"ct-headline as-card-heading\">ITE ( Inspecci\u00f3 t\u00e8cnica d'edificis)<\/h3><div id=\"text_block-67-126\" class=\"ct-text-block as-card-txt\" >Informe que determina l'estat de conservaci\u00f3 d'un edifici que tingui una antiguitat superior o igual als 45 anys segons el que indiqui el cadastre. T\u00e9 una vig\u00e8ncia de 10 anys i cal renovar transcorregut aquest termini.<\/div><div id=\"div_block-142-126\" class=\"ct-div-block as-servicios-button-wrapper\" ><a id=\"link_button-69-126\" class=\"ct-link-button as-card-button\" href=\"#as-form-section\" target=\"_self\"   asunto=\"ITE ( Inspecci\u00f3n t\u00e9cnica de Edificios)\">Sol\u00b7licitar pressupost<\/a><\/div><\/div><div id=\"div_block-73-126\" class=\"ct-div-block\" ><img decoding=\"async\"  id=\"image-64-126\" alt=\"\" src=\"https:\/\/arquitecturasincera.com\/wp-content\/uploads\/2021\/11\/the-hand-of-the-man-does-entries-in-official-paper-2021-08-26-20-11-09-utc-1-1.jpg\" class=\"ct-image as-servicio-image\"\/><\/div><\/div><div id=\"new_columns-91-126\" class=\"ct-new-columns as-servicios-col-left\" ><div id=\"div_block-92-126\" class=\"ct-div-block\" ><img decoding=\"async\"  id=\"image-80-126\" alt=\"\" src=\"https:\/\/arquitecturasincera.com\/wp-content\/uploads\/2021\/11\/drawing-project-2021-08-26-16-00-34-utc-3.jpg\" class=\"ct-image as-servicio-image\"\/><\/div><div id=\"div_block-93-126\" class=\"ct-div-block\" ><h3 id=\"as-car\" class=\"ct-headline as-card-heading\">Certificats t\u00e8cnics<\/h3><div id=\"text_block-76-126\" class=\"ct-text-block as-card-txt\" >Certificats en qu\u00e8 descrivim una realitat relacionada amb l'\u00e0mbit de l'edificaci\u00f3. Aquest tipus de certificats en molts casos s\u00f3n necessaris per fer tr\u00e0mits amb el registre de la propietat i\/o el notari.<\/div><div id=\"div_block-143-126\" class=\"ct-div-block as-servicios-button-wrapper\" ><a id=\"link_button-78-126\" class=\"ct-link-button as-card-button\" href=\"#as-form-section\" target=\"_self\"   asunto=\"Certificados t\u00e9cnicos\">Sol\u00b7licitar pressupost<\/a><\/div><\/div><\/div><div id=\"new_columns-110-126\" class=\"ct-new-columns as-servicios-col-right\" ><div id=\"div_block-111-126\" class=\"ct-div-block\" ><h3 id=\"headline-101-126\" class=\"ct-headline as-card-heading\">Gesti\u00f3 d'obra o <i>project management<\/i><\/h3><div id=\"text_block-106-126\" class=\"ct-text-block as-card-txt\" >Gesti\u00f3 de l'obra i coordinaci\u00f3 dels industrials per evitar problemes i retards a l'obra aix\u00ed com la gesti\u00f3 de compra de materials si es desitja.&nbsp;<div>La gesti\u00f3 correcta \u00e9s necess\u00e0ria per tenir un control sobre tot el proc\u00e9s de construcci\u00f3 i aconseguir que l'obra s'executi amb els terminis de temps estimats.<\/div><\/div><div id=\"div_block-144-126\" class=\"ct-div-block as-servicios-button-wrapper\" ><a id=\"link_button-108-126\" class=\"ct-link-button as-card-button\" href=\"#as-form-section\" target=\"_self\"   asunto=\"Gesti\u00f3n de obra o project management\">Sol\u00b7licitar pressupost<\/a><\/div><\/div><div id=\"div_block-112-126\" class=\"ct-div-block\" ><img decoding=\"async\"  id=\"image-94-126\" alt=\"\" src=\"https:\/\/arquitecturasincera.com\/wp-content\/uploads\/2021\/11\/the-hand-of-the-man-does-entries-in-official-paper-2021-08-26-20-11-09-utc-2.jpg\" class=\"ct-image as-servicio-image\"\/><\/div><\/div><div id=\"new_columns-131-126\" class=\"ct-new-columns as-servicios-col-left\" ><div id=\"div_block-132-126\" class=\"ct-div-block\" ><img decoding=\"async\"  id=\"image-119-126aas\" alt=\"\" src=\"https:\/\/arquitecturasincera.com\/wp-content\/uploads\/2021\/11\/drawing-project-2021-08-26-16-00-34-utc-4.jpg\" class=\"ct-image as-servicio-image\"\/><\/div><div id=\"div_block-134-126\" class=\"ct-div-block\" ><h3 id=\"headline-113-126\" class=\"ct-headline as-card-heading\">Paisatgisme<\/h3><div id=\"text_block-115-126\" class=\"ct-text-block as-card-txt\" >Aquest servei inclou la introducci\u00f3 de la vegetaci\u00f3 dins i fora dels habitatges i generar espais m\u00e9s en contacte amb la natura per aconseguir els beneficis que aquesta pot aportar al dia a dia dels usuaris d'aquests espais. Aquest servei est\u00e0 incl\u00f2s a tots els nostres projectes d'obra nova i reforma.<\/div><div id=\"div_block-145-126\" class=\"ct-div-block as-servicios-button-wrapper\" ><a id=\"link_button-117-126\" class=\"ct-link-button as-card-button\" href=\"#as-form-section\" target=\"_self\"   asunto=\"Paisajismo\">Sol\u00b7licitar pressupost<\/a><\/div><\/div><\/div><\/div><\/section>\n\n<section id=\"section-121-126\" class=\" ct-section\" ><div class=\"ct-section-inner-wrap\"><div id=\"as-form-section\" class=\"ct-div-block\" ><h2 id=\"headline-122-126\" class=\"ct-headline as-header-2\">Busques Serveis T\u00e8cnics?<\/h2><div id=\"text_block-124-126\" class=\"ct-text-block\" >Explica'ns qu\u00e8 necessites i ens posarem en contacte amb tu per trobar la millor manera d'ajudar-te.<\/div><div id=\"shortcode-126-126\" class=\"ct-shortcode\" ><div class='fluentform ff-default fluentform_wrapper_3 ffs_custom_wrap'><form data-form_id=\"3\" id=\"fluentform_3\" class=\"frm-fluent-form fluent_form_3 ff-el-form-top ff_form_instance_3_1 ff-form-loading ffs_custom\" data-form_instance=\"ff_form_instance_3_1\" method=\"POST\" ><fieldset  style=\"border: none!important;margin: 0!important;padding: 0!important;background-color: transparent!important;box-shadow: none!important;outline: none!important; min-inline-size: 100%;\">\n                    <legend class=\"ff_screen_reader_title\" style=\"display: block; margin: 0!important;padding: 0!important;height: 0!important;text-indent: -999999px;width: 0!important;overflow:hidden;\">Contact Form (cat)<\/legend>        <div\n                style=\"display: none!important; position: absolute!important; transform: translateX(1000%)!important;\"\n                class=\"ff-el-group ff-hpsf-container\"\n        >\n            <div class=\"ff-el-input--label asterisk-right\">\n                <label for=\"ff_3_item_sf\" aria-label=\"Notify\">\n                    Notify                <\/label>\n            <\/div>\n            <div class=\"ff-el-input--content\">\n                <input type=\"text\"\n                       name=\"item_3__fluent_sf\"\n                       class=\"ff-el-form-control\"\n                       id=\"ff_3_item_sf\"\n                \/>\n            <\/div>\n        <\/div>\n        <input type='hidden' name='__fluent_form_embded_post_id' value='535' \/><input type=\"hidden\" id=\"_fluentform_3_fluentformnonce\" name=\"_fluentform_3_fluentformnonce\" value=\"bca5ff9977\" \/><input type=\"hidden\" name=\"_wp_http_referer\" value=\"\/ca\/wp-json\/wp\/v2\/pages\/535\" \/><div data-type=\"name-element\" data-name=\"names\" class=\" ff-field_container ff-name-field-wrapper\" ><div class='ff-t-container'><div class='ff-t-cell '><div class='ff-el-group'><div class=\"ff-el-input--label ff-el-is-required asterisk-right\"><label for='ff_3_names_first_name_' id='label_ff_3_names_first_name_' >Nom<\/label><\/div><div class='ff-el-input--content'><input type=\"text\" name=\"names[first_name]\" id=\"ff_3_names_first_name_\" class=\"ff-el-form-control\" aria-invalid=\"false\" aria-required=true><\/div><\/div><\/div><div class='ff-t-cell '><div class='ff-el-group'><div class=\"ff-el-input--label ff-el-is-required asterisk-right\"><label for='ff_3_names_last_name_' id='label_ff_3_names_last_name_' >Cognom<\/label><\/div><div class='ff-el-input--content'><input type=\"text\" name=\"names[last_name]\" id=\"ff_3_names_last_name_\" class=\"ff-el-form-control\" aria-invalid=\"false\" aria-required=true><\/div><\/div><\/div><\/div><\/div><div class='ff-el-group'><div class=\"ff-el-input--label ff-el-is-required asterisk-right\"><label for='ff_3_email' id='label_ff_3_email' aria-label=\"Correu electr\u00f2nic\">Correu electr\u00f2nic<\/label><\/div><div class='ff-el-input--content'><input type=\"email\" name=\"email\" id=\"ff_3_email\" class=\"ff-el-form-control\" data-name=\"email\"  aria-invalid=\"false\" aria-required=true><\/div><\/div><div class='ff-el-group'><div class=\"ff-el-input--label ff-el-is-required asterisk-right\"><label for='ff_3_subject' id='label_ff_3_subject' aria-label=\"Assumpte\">Assumpte<\/label><\/div><div class='ff-el-input--content'><input type=\"text\" name=\"subject\" class=\"ff-el-form-control\" data-name=\"subject\" id=\"ff_3_subject\"  aria-invalid=\"false\" aria-required=true><\/div><\/div><div class='ff-el-group'><div class=\"ff-el-input--label asterisk-right\"><label for='ff_3_message' id='label_ff_3_message' aria-label=\"Missatge\">Missatge<\/label><\/div><div class='ff-el-input--content'><textarea aria-required=\"false\" aria-labelledby=\"label_ff_3_message\" name=\"message\" id=\"ff_3_message\" class=\"ff-el-form-control\" rows=\"4\" cols=\"2\" data-name=\"message\" ><\/textarea><\/div><\/div><div class='ff-el-group    ff-el-input--content'><div class='ff-el-form-check ff-el-tc'><label aria-label='Terms and Conditions: He llegit i accepto la pol\u00edtica de privadesa  y condicions legals Contains 2 links. Use tab navigation to review.' class='ff-el-form-check-label ff_tc_label' for=gdpr-agreement_5d0415c090ae323287ad74c3be181b1a><span class='ff_tc_checkbox'><input type=\"checkbox\" name=\"gdpr-agreement\" class=\"ff-el-form-check-input ff_gdpr_field\" data-name=\"gdpr-agreement\" id=\"gdpr-agreement_5d0415c090ae323287ad74c3be181b1a\"  value='on' aria-invalid='false' aria-required=true><\/span> <div class='ff_t_c'>He llegit i accepto la <a href=\"https:\/\/lawwwing.com\/documents\/4c86dd50-8c8a-426e-908e-396aeb1ad33a\/privacy-policy\/es\/\" target=\"_blank\">pol\u00edtica de privadesa <\/a> y <a href=\"https:\/\/lawwwing.com\/documents\/4c86dd50-8c8a-426e-908e-396aeb1ad33a\/legal-notice\/es\/\" target=\"_blank\">condicions legals<\/a><\/div><\/label><\/div><\/div><div class='ff-el-group ' ><div class='ff-el-input--content'><div data-fluent_id='3' name='g-recaptcha-response'><div\n\t\tdata-sitekey='6LcD1BYqAAAAABI6-BXTLLMx8iDXq_7NLwH2-MNl'\n\t\tid='fluentform-recaptcha-3-1'\n\t\tclass='ff-el-recaptcha g-recaptcha'\n\t\tdata-callback='fluentFormrecaptchaSuccessCallback'><\/div><\/div><\/div><\/div><div class='ff-el-group ff-text-right ff_submit_btn_wrapper'><button type=\"submit\" class=\"ff-btn ff-btn-submit ff-btn-md ff_btn_style wpf_has_custom_css\"  aria-label=\"Enviar\">Enviar<\/button><\/div><\/fieldset><\/form><div id='fluentform_3_errors' class='ff-errors-in-stack ff_form_instance_3_1 ff-form-loading_errors ff_form_instance_3_1_errors'><\/div><\/div>            <script type=\"text\/javascript\">\n                window.fluent_form_ff_form_instance_3_1 = {\"id\":\"3\",\"settings\":{\"layout\":{\"labelPlacement\":\"top\",\"helpMessagePlacement\":\"with_label\",\"errorMessagePlacement\":\"inline\",\"cssClassName\":\"\",\"asteriskPlacement\":\"asterisk-right\"},\"restrictions\":{\"denyEmptySubmission\":{\"enabled\":false}}},\"form_instance\":\"ff_form_instance_3_1\",\"form_id_selector\":\"fluentform_3\",\"rules\":{\"names[first_name]\":{\"required\":{\"value\":true,\"message\":\"El camp \\u00e9s obligatori.\",\"global\":false,\"global_message\":\"Este campo es obligatorio\"}},\"names[middle_name]\":{\"required\":{\"value\":false,\"message\":\"This field is required\",\"global\":false,\"global_message\":\"Este campo es obligatorio\"}},\"names[last_name]\":{\"required\":{\"value\":true,\"message\":\"El camp \\u00e9s obligatori.\",\"global\":false,\"global_message\":\"Este campo es obligatorio\"}},\"email\":{\"required\":{\"value\":true,\"message\":\"El camp \\u00e9s obligatori.\",\"global\":false,\"global_message\":\"Este campo es obligatorio\"},\"email\":{\"value\":true,\"message\":\"Aquest camp ha de contenir un correu electr\\u00f2nic v\\u00e0lid\",\"global\":false,\"global_message\":\"Este campo debe contener un correo electr\\u00f3nico v\\u00e1lido\"}},\"subject\":{\"required\":{\"value\":true,\"message\":\"El camp \\u00e9s obligatori.\",\"global\":false,\"global_message\":\"Este campo es obligatorio\"}},\"message\":{\"required\":{\"value\":false,\"message\":\"This field is required\",\"global\":false,\"global_message\":\"Este campo es obligatorio\"}},\"gdpr-agreement\":{\"required\":{\"value\":true,\"message\":\"El camp \\u00e9s obligatori.\",\"global\":false,\"global_message\":\"Este campo es obligatorio\"}},\"g-recaptcha-response\":[]},\"debounce_time\":300};\n                            <\/script>\n            <\/div><div id=\"code_block-7-534\" class=\"ct-code-block\" ><\/div><\/div><\/div><\/section>","protected":false},"excerpt":{"rendered":"","protected":false},"author":3,"featured_media":386,"parent":0,"menu_order":0,"comment_status":"closed","ping_status":"closed","template":"","meta":{"_acf_changed":false,"pgc_sgb_lightbox_settings":"","_joinchat":[],"footnotes":""},"class_list":["post-535","page","type-page","status-publish","has-post-thumbnail","hentry"],"acf":[],"_links":{"self":[{"href":"https:\/\/arquitecturasincera.com\/ca\/wp-json\/wp\/v2\/pages\/535","targetHints":{"allow":["GET"]}}],"collection":[{"href":"https:\/\/arquitecturasincera.com\/ca\/wp-json\/wp\/v2\/pages"}],"about":[{"href":"https:\/\/arquitecturasincera.com\/ca\/wp-json\/wp\/v2\/types\/page"}],"author":[{"embeddable":true,"href":"https:\/\/arquitecturasincera.com\/ca\/wp-json\/wp\/v2\/users\/3"}],"replies":[{"embeddable":true,"href":"https:\/\/arquitecturasincera.com\/ca\/wp-json\/wp\/v2\/comments?post=535"}],"version-history":[{"count":5,"href":"https:\/\/arquitecturasincera.com\/ca\/wp-json\/wp\/v2\/pages\/535\/revisions"}],"predecessor-version":[{"id":1148,"href":"https:\/\/arquitecturasincera.com\/ca\/wp-json\/wp\/v2\/pages\/535\/revisions\/1148"}],"wp:featuredmedia":[{"embeddable":true,"href":"https:\/\/arquitecturasincera.com\/ca\/wp-json\/wp\/v2\/media\/386"}],"wp:attachment":[{"href":"https:\/\/arquitecturasincera.com\/ca\/wp-json\/wp\/v2\/media?parent=535"}],"curies":[{"name":"wp","href":"https:\/\/api.w.org\/{rel}","templated":true}]}}