{"id":524,"date":"2021-12-12T11:15:48","date_gmt":"2021-12-12T11:15:48","guid":{"rendered":"https:\/\/arquitecturasincera.com\/?page_id=524"},"modified":"2024-10-24T12:52:58","modified_gmt":"2024-10-24T12:52:58","slug":"contacte","status":"publish","type":"page","link":"https:\/\/arquitecturasincera.com\/ca\/contacte\/","title":{"rendered":"Contacte"},"content":{"rendered":"<section id=\"section-134-98\" class=\" ct-section  ct-section-with-shape-divider\" style=\"background-image:linear-gradient(rgba(95,108,89,0.7), rgba(95,108,89,0.7)), url(https:\/\/arquitecturasincera.com\/wp-content\/uploads\/2021\/11\/contacto-arquitectura-sabbadell.jpg);background-size:auto,  cover;\" ><div class=\"ct-section-inner-wrap\"><h1 id=\"headline-135-98\" class=\"ct-headline as-hero-h1\"><span id=\"span-136-98\" class=\"ct-span\" >Contacte<\/span><\/h1>\n\t\t<div id=\"-shape-divider-137-98\" class=\"oxy-shape-divider as-shape-divider \" >        \n        <div class=\"oxy_shape_divider\" >\n            <svg xmlns=\"http:\/\/www.w3.org\/2000\/svg\" viewBox=\"0 0 1440.06 125\" preserveAspectRatio=\"none\"><defs><style>.cls-1{fill:#fff;}.cls-2{fill:#819678;}.cls-3{fill:#91ab85;}<\/style><\/defs><g id=\"Capa_2\" data-name=\"Capa 2\"><g id=\"Capa_1-2\" data-name=\"Capa 1\"><path class=\"cls-1\" d=\"M0,9S263.5,70.5,713,73.5,1440,0,1440,0V125H0Z\"\/><path class=\"cls-2\" d=\"M0,15.31C624,168.11,1219.67,63.67,1440,0,903.2,116.4,257.17,53.91,0,.41Z\"\/><path class=\"cls-3\" d=\"M1440.06,15.35C816.06,168.15,220.33,79,0,15.31,536.8,131.71,1182.83,53.5,1440,0Z\"\/><\/g><\/g><\/svg>        <\/div>\n\n        <\/div>\n\n\t\t<\/div><\/section>\n\n<section id=\"section-7-122\" class=\" ct-section\" ><div class=\"ct-section-inner-wrap\"><div id=\"new_columns-8-122\" class=\"ct-new-columns\" ><div id=\"div_block-9-122\" class=\"ct-div-block\" ><h2 id=\"headline-11-122\" class=\"ct-headline\">Explica'ns el teu projecte<\/h2><div id=\"text_block-13-122\" class=\"ct-text-block\" >Volem con\u00e8ixer el teu projecte. El nostre horari d'atenci\u00f3 al client \u00e9s de dilluns a dijous de 9.00 a 18.00 hores i divendres de 9.00 a 15.00 hores.<\/div><div id=\"div_block-15-122\" class=\"ct-div-block\" ><a id=\"div_block-16-122\" class=\"ct-link\" href=\"mailto:info@arquitecturasincera.com\"   ><div id=\"fancy_icon-17-122\" class=\"ct-fancy-icon\" ><svg id=\"svg-fancy_icon-17-122\"><use xlink:href=\"#FontAwesomeicon-envelope-o\"><\/use><\/svg><\/div><div id=\"text_block-18-122\" class=\"ct-text-block\" >info@arquitecturasincera.com<\/div><\/a><a id=\"div_block-20-122\" class=\"ct-link\" href=\"https:\/\/wa.me\/%2B34626319698\"   ><div id=\"fancy_icon-21-122\" class=\"ct-fancy-icon\" ><svg id=\"svg-fancy_icon-21-122\"><use xlink:href=\"#FontAwesomeicon-phone\"><\/use><\/svg><\/div><div id=\"text_block-22-122\" class=\"ct-text-block\" >+34 626 319 698<\/div><\/a><a id=\"link-32-122\" class=\"ct-link\" href=\"https:\/\/wa.me\/%2B34626319698\" target=\"_blank\"  ><div id=\"fancy_icon-33-122\" class=\"ct-fancy-icon\" ><svg id=\"svg-fancy_icon-33-122\"><use xlink:href=\"#FontAwesomeicon-whatsapp\"><\/use><\/svg><\/div><div id=\"text_block-34-122\" class=\"ct-text-block\" >Envia'ns un Whatsapp<\/div><\/a><div id=\"div_block-24-122\" class=\"ct-div-block\" ><div id=\"fancy_icon-25-122\" class=\"ct-fancy-icon\" ><svg id=\"svg-fancy_icon-25-122\"><use xlink:href=\"#FontAwesomeicon-map-marker\"><\/use><\/svg><\/div><div id=\"text_block-26-122\" class=\"ct-text-block\" >Carrer de la Font Vella, 78, 1-1 08221 Terrassa<\/div><\/div><\/div><\/div><div id=\"div_block-10-122\" class=\"ct-div-block\" ><div id=\"shortcode-27-122\" class=\"ct-shortcode w-full\" ><div class='fluentform ff-default fluentform_wrapper_3 ffs_custom_wrap'><form data-form_id=\"3\" id=\"fluentform_3\" class=\"frm-fluent-form fluent_form_3 ff-el-form-top ff_form_instance_3_1 ff-form-loading ffs_custom\" data-form_instance=\"ff_form_instance_3_1\" method=\"POST\" ><fieldset  style=\"border: none!important;margin: 0!important;padding: 0!important;background-color: transparent!important;box-shadow: none!important;outline: none!important; min-inline-size: 100%;\">\n                    <legend class=\"ff_screen_reader_title\" style=\"display: block; margin: 0!important;padding: 0!important;height: 0!important;text-indent: -999999px;width: 0!important;overflow:hidden;\">Contact Form (cat)<\/legend>        <div\n                style=\"display: none!important; position: absolute!important; transform: translateX(1000%)!important;\"\n                class=\"ff-el-group ff-hpsf-container\"\n        >\n            <div class=\"ff-el-input--label asterisk-right\">\n                <label for=\"ff_3_item_sf\" aria-label=\"Contact\">\n                    Contact                <\/label>\n            <\/div>\n            <div class=\"ff-el-input--content\">\n                <input type=\"text\"\n                       name=\"item_3__fluent_sf\"\n                       class=\"ff-el-form-control\"\n                       id=\"ff_3_item_sf\"\n                \/>\n            <\/div>\n        <\/div>\n        <input type='hidden' name='__fluent_form_embded_post_id' value='524' \/><input type=\"hidden\" id=\"_fluentform_3_fluentformnonce\" name=\"_fluentform_3_fluentformnonce\" value=\"aa184adf94\" \/><input type=\"hidden\" name=\"_wp_http_referer\" value=\"\/ca\/wp-json\/wp\/v2\/pages\/524\" \/><div data-type=\"name-element\" data-name=\"names\" class=\" ff-field_container ff-name-field-wrapper\" ><div class='ff-t-container'><div class='ff-t-cell '><div class='ff-el-group'><div class=\"ff-el-input--label ff-el-is-required asterisk-right\"><label for='ff_3_names_first_name_' id='label_ff_3_names_first_name_' >Nom<\/label><\/div><div class='ff-el-input--content'><input type=\"text\" name=\"names[first_name]\" id=\"ff_3_names_first_name_\" class=\"ff-el-form-control\" aria-invalid=\"false\" aria-required=true><\/div><\/div><\/div><div class='ff-t-cell '><div class='ff-el-group'><div class=\"ff-el-input--label ff-el-is-required asterisk-right\"><label for='ff_3_names_last_name_' id='label_ff_3_names_last_name_' >Cognom<\/label><\/div><div class='ff-el-input--content'><input type=\"text\" name=\"names[last_name]\" id=\"ff_3_names_last_name_\" class=\"ff-el-form-control\" aria-invalid=\"false\" aria-required=true><\/div><\/div><\/div><\/div><\/div><div class='ff-el-group'><div class=\"ff-el-input--label ff-el-is-required asterisk-right\"><label for='ff_3_email' id='label_ff_3_email' aria-label=\"Correu electr\u00f2nic\">Correu electr\u00f2nic<\/label><\/div><div class='ff-el-input--content'><input type=\"email\" name=\"email\" id=\"ff_3_email\" class=\"ff-el-form-control\" data-name=\"email\"  aria-invalid=\"false\" aria-required=true><\/div><\/div><div class='ff-el-group'><div class=\"ff-el-input--label ff-el-is-required asterisk-right\"><label for='ff_3_subject' id='label_ff_3_subject' aria-label=\"Assumpte\">Assumpte<\/label><\/div><div class='ff-el-input--content'><input type=\"text\" name=\"subject\" class=\"ff-el-form-control\" data-name=\"subject\" id=\"ff_3_subject\"  aria-invalid=\"false\" aria-required=true><\/div><\/div><div class='ff-el-group'><div class=\"ff-el-input--label asterisk-right\"><label for='ff_3_message' id='label_ff_3_message' aria-label=\"Missatge\">Missatge<\/label><\/div><div class='ff-el-input--content'><textarea aria-required=\"false\" aria-labelledby=\"label_ff_3_message\" name=\"message\" id=\"ff_3_message\" class=\"ff-el-form-control\" rows=\"4\" cols=\"2\" data-name=\"message\" ><\/textarea><\/div><\/div><div class='ff-el-group    ff-el-input--content'><div class='ff-el-form-check ff-el-tc'><label aria-label='Terms and Conditions: He llegit i accepto la pol\u00edtica de privadesa  y condicions legals Contains 2 links. Use tab navigation to review.' class='ff-el-form-check-label ff_tc_label' for=gdpr-agreement_1c6946dfb93fcaa18f1dd6de66a1b804><span class='ff_tc_checkbox'><input type=\"checkbox\" name=\"gdpr-agreement\" class=\"ff-el-form-check-input ff_gdpr_field\" data-name=\"gdpr-agreement\" id=\"gdpr-agreement_1c6946dfb93fcaa18f1dd6de66a1b804\"  value='on' aria-invalid='false' aria-required=true><\/span> <div class='ff_t_c'>He llegit i accepto la <a href=\"https:\/\/lawwwing.com\/documents\/4c86dd50-8c8a-426e-908e-396aeb1ad33a\/privacy-policy\/es\/\" target=\"_blank\">pol\u00edtica de privadesa <\/a> y <a href=\"https:\/\/lawwwing.com\/documents\/4c86dd50-8c8a-426e-908e-396aeb1ad33a\/legal-notice\/es\/\" target=\"_blank\">condicions legals<\/a><\/div><\/label><\/div><\/div><div class='ff-el-group ' ><div class='ff-el-input--content'><div data-fluent_id='3' name='g-recaptcha-response'><div\n\t\tdata-sitekey='6LcD1BYqAAAAABI6-BXTLLMx8iDXq_7NLwH2-MNl'\n\t\tid='fluentform-recaptcha-3-1'\n\t\tclass='ff-el-recaptcha g-recaptcha'\n\t\tdata-callback='fluentFormrecaptchaSuccessCallback'><\/div><\/div><\/div><\/div><div class='ff-el-group ff-text-right ff_submit_btn_wrapper'><button type=\"submit\" class=\"ff-btn ff-btn-submit ff-btn-md ff_btn_style wpf_has_custom_css\"  aria-label=\"Enviar\">Enviar<\/button><\/div><\/fieldset><\/form><div id='fluentform_3_errors' class='ff-errors-in-stack ff_form_instance_3_1 ff-form-loading_errors ff_form_instance_3_1_errors'><\/div><\/div>            <script type=\"text\/javascript\">\n                window.fluent_form_ff_form_instance_3_1 = {\"id\":\"3\",\"ajaxUrl\":\"https:\\\/\\\/arquitecturasincera.com\\\/wp-admin\\\/admin-ajax.php\",\"settings\":{\"layout\":{\"labelPlacement\":\"top\",\"helpMessagePlacement\":\"with_label\",\"errorMessagePlacement\":\"inline\",\"cssClassName\":\"\",\"asteriskPlacement\":\"asterisk-right\"},\"restrictions\":{\"denyEmptySubmission\":{\"enabled\":false}}},\"form_instance\":\"ff_form_instance_3_1\",\"form_id_selector\":\"fluentform_3\",\"rules\":{\"names[first_name]\":{\"required\":{\"value\":true,\"message\":\"El camp \\u00e9s obligatori.\",\"global\":false,\"global_message\":\"Este campo es obligatorio\"}},\"names[middle_name]\":{\"required\":{\"value\":false,\"message\":\"This field is required\",\"global\":false,\"global_message\":\"Este campo es obligatorio\"}},\"names[last_name]\":{\"required\":{\"value\":true,\"message\":\"El camp \\u00e9s obligatori.\",\"global\":false,\"global_message\":\"Este campo es obligatorio\"}},\"email\":{\"required\":{\"value\":true,\"message\":\"El camp \\u00e9s obligatori.\",\"global\":false,\"global_message\":\"Este campo es obligatorio\"},\"email\":{\"value\":true,\"message\":\"Aquest camp ha de contenir un correu electr\\u00f2nic v\\u00e0lid\",\"global\":false,\"global_message\":\"Este campo debe contener un correo electr\\u00f3nico v\\u00e1lido\"}},\"subject\":{\"required\":{\"value\":true,\"message\":\"El camp \\u00e9s obligatori.\",\"global\":false,\"global_message\":\"Este campo es obligatorio\"}},\"message\":{\"required\":{\"value\":false,\"message\":\"This field is required\",\"global\":false,\"global_message\":\"Este campo es obligatorio\"}},\"gdpr-agreement\":{\"required\":{\"value\":true,\"message\":\"El camp \\u00e9s obligatori.\",\"global\":false,\"global_message\":\"Este campo es obligatorio\"}},\"g-recaptcha-response\":[]},\"debounce_time\":300};\n                            <\/script>\n            <\/div><div id=\"code_block-29-122\" class=\"ct-code-block\" ><\/div><\/div><\/div><\/div><\/section>","protected":false},"excerpt":{"rendered":"","protected":false},"author":3,"featured_media":382,"parent":0,"menu_order":0,"comment_status":"closed","ping_status":"closed","template":"","meta":{"_acf_changed":false,"pgc_sgb_lightbox_settings":"","_joinchat":[],"footnotes":""},"class_list":["post-524","page","type-page","status-publish","has-post-thumbnail","hentry"],"acf":[],"_links":{"self":[{"href":"https:\/\/arquitecturasincera.com\/ca\/wp-json\/wp\/v2\/pages\/524","targetHints":{"allow":["GET"]}}],"collection":[{"href":"https:\/\/arquitecturasincera.com\/ca\/wp-json\/wp\/v2\/pages"}],"about":[{"href":"https:\/\/arquitecturasincera.com\/ca\/wp-json\/wp\/v2\/types\/page"}],"author":[{"embeddable":true,"href":"https:\/\/arquitecturasincera.com\/ca\/wp-json\/wp\/v2\/users\/3"}],"replies":[{"embeddable":true,"href":"https:\/\/arquitecturasincera.com\/ca\/wp-json\/wp\/v2\/comments?post=524"}],"version-history":[{"count":10,"href":"https:\/\/arquitecturasincera.com\/ca\/wp-json\/wp\/v2\/pages\/524\/revisions"}],"predecessor-version":[{"id":1361,"href":"https:\/\/arquitecturasincera.com\/ca\/wp-json\/wp\/v2\/pages\/524\/revisions\/1361"}],"wp:featuredmedia":[{"embeddable":true,"href":"https:\/\/arquitecturasincera.com\/ca\/wp-json\/wp\/v2\/media\/382"}],"wp:attachment":[{"href":"https:\/\/arquitecturasincera.com\/ca\/wp-json\/wp\/v2\/media?parent=524"}],"curies":[{"name":"wp","href":"https:\/\/api.w.org\/{rel}","templated":true}]}}