{"id":456,"date":"2021-12-10T16:28:09","date_gmt":"2021-12-10T16:28:09","guid":{"rendered":"https:\/\/arquitecturasincera.com\/avis-legal\/"},"modified":"2022-06-21T22:45:41","modified_gmt":"2022-06-21T22:45:41","slug":"avis-legal","status":"publish","type":"page","link":"https:\/\/arquitecturasincera.com\/ca\/avis-legal\/","title":{"rendered":"Av\u00eds Legal"},"content":{"rendered":"\n<p>LEY DE LOS SERVICIOS DE LA SOCIEDAD DE LA INFORMACI\u00d3N (LSSI)<\/p>\n\n<p>PATRICIA CALVO VISIEDO, responsable del sitio web, en adelante RESPONSABLE, pone a disposici\u00f3n de los<br\/>usuarios el presente documento, con el que pretende dar cumplimiento a las obligaciones dispuestas en la Ley<br\/>34\/2002, de 11 de julio, de Servicios de la Sociedad de la Informaci\u00f3n y de Comercio Electr\u00f3nico (LSSICE), BOE<br\/>N o 166, as\u00ed como informar a todos los usuarios del sitio web respecto a cu\u00e1les son las condiciones de uso.<br\/>Toda persona que acceda a este sitio web asume el papel de usuario, comprometi\u00e9ndose a la observancia y<br\/>cumplimiento riguroso de las disposiciones aqu\u00ed dispuestas, as\u00ed como a cualquier otra disposici\u00f3n legal que<br\/>fuera de aplicaci\u00f3n.<br\/>PATRICIA CALVO VISIEDOse reserva el derecho de modificar cualquier tipo de informaci\u00f3n que pudiera aparecer<br\/>en el sitio web, sin que exista obligaci\u00f3n de preavisar o poner en conocimiento de los usuarios dichas<br\/>obligaciones, entendi\u00e9ndose como suficiente con la publicaci\u00f3n en los sitios web de PATRICIA CALVO VISIEDO<\/p>\n\n<ol class=\"wp-block-list\"><li>DATOS IDENTIFICATIVOS<\/li><\/ol>\n\n<p>Nombre de dominio:<br\/>Nombre comercial: PATRICIA CALVO VISIEDO<br\/>Denominaci\u00f3n social: PATRICIA CALVO VISIEDO<br\/>NIF: 45649165F<br\/>Domicilio social: PASSEIG DEL VAPOR GRAN 29, LOCAL 11-12, 08221 TERRASSA, BARCELONA<br\/>Tel\u00e9fono: 626319698<br\/>Correo electr\u00f3nico: PATRICIA@ARQUITECTURASINCERA.COM<\/p>\n\n<ol class=\"wp-block-list\" start=\"2\"><li>DERECHOS DE PROPIEDAD INTELECTUAL E INDUSTRIAL<br\/>El sitio web, incluyendo a t\u00edtulo enunciativo, pero no limitativo su programaci\u00f3n, edici\u00f3n, compilaci\u00f3n y dem\u00e1s<br\/>elementos necesarios para su funcionamiento, los dise\u00f1os, logotipos, texto y\/o gr\u00e1ficos, son propiedad del<br\/>RESPONSABLE o, si es el caso, dispone de licencia o autorizaci\u00f3n expresa por parte de los autores. Todos los<br\/>contenidos del sitio web se encuentran debidamente protegidos por la normativa de propiedad intelectual e<br\/>industrial, as\u00ed como inscritos en los registros p\u00fablicos correspondientes.<br\/>Independientemente de la finalidad para la que fueran destinados, la reproducci\u00f3n total o parcial, uso,<br\/>explotaci\u00f3n, distribuci\u00f3n y comercializaci\u00f3n, requiere en todo caso de la autorizaci\u00f3n escrita previa por parte<br\/>del RESPONSABLE. Cualquier uso no autorizado previamente se considera un incumplimiento grave de los<br\/>derechos de propiedad intelectual o industrial del autor.<\/li><\/ol>\n\n<p>Los dise\u00f1os, logotipos, texto y\/o gr\u00e1ficos ajenos al RESPONSABLE y que pudieran aparecer en el sitio web,<br\/>pertenecen a sus respectivos propietarios, siendo ellos mismos responsables de cualquier posible controversia<br\/>que pudiera suscitarse respecto a los mismos. El RESPONSABLE autoriza expresamente a que terceros puedan<br\/>redirigir directamente a los contenidos concretos del sitio web, y en todo caso redirigir al sitio web principal<br\/>de PATRICIA CALVO VISIEDO.<br\/>El RESPONSABLE reconoce a favor de sus titulares los correspondientes derechos de propiedad intelectual e<br\/>industrial, no implicando su sola menci\u00f3n o aparici\u00f3n en el sitio web la existencia de derechos o<br\/>responsabilidad alguna sobre los mismos, como tampoco respaldo, patrocinio o recomendaci\u00f3n por parte del<br\/>mismo.<br\/>Para realizar cualquier tipo de observaci\u00f3n respecto a posibles incumplimientos de los derechos de propiedad<br\/>intelectual o industrial, as\u00ed como sobre cualquiera de los contenidos del sitio web, puede hacerlo a trav\u00e9s del<br\/>correo electr\u00f3nico PATRICIA@ARQUITECTURASINCERA.COM<\/p>\n\n<ol class=\"wp-block-list\" start=\"3\"><li>EXENCI\u00d3N DE RESPONSABILIDADES<br\/>El RESPONSABLE se exime de cualquier tipo de responsabilidad derivada de la informaci\u00f3n publicada en su<br\/>sitio web siempre que esta informaci\u00f3n haya sido manipulada o introducida por un tercero ajeno al mismo.<br\/>Uso de Cookies<br\/>Este sitio web puede utilizar cookies t\u00e9cnicas (peque\u00f1os archivos de informaci\u00f3n que el servidor env\u00eda al<br\/>ordenador de quien accede a la p\u00e1gina) para llevar a cabo determinadas funciones que son consideradas<br\/>imprescindibles para el correcto funcionamiento y visualizaci\u00f3n del sitio. Las cookies utilizadas tienen, en todo<br\/>caso, car\u00e1cter temporal, con la \u00fanica finalidad de hacer m\u00e1s eficaz la navegaci\u00f3n, y desaparecen al terminar la<br\/>sesi\u00f3n del usuario. En ning\u00fan caso, estas cookies proporcionan por s\u00ed mismas datos de car\u00e1cter personal y no<br\/>se utilizar\u00e1n para la recogida de los mismos.<br\/>Mediante el uso de cookies tambi\u00e9n es posible que el servidor donde se encuentra la web reconozca el<br\/>navegador utilizado por el usuario con la finalidad de que la navegaci\u00f3n sea m\u00e1s sencilla, permitiendo, por<br\/>ejemplo, el acceso de los usuarios que se hayan registrado previamente a las \u00e1reas, servicios, promociones o<br\/>concursos reservados exclusivamente a ellos sin tener que registrarse en cada visita. Tambi\u00e9n se pueden<br\/>utilizar para medir la audiencia, par\u00e1metros de tr\u00e1fico, controlar el progreso y n\u00famero de entradas, etc,<br\/>siendo en estos casos cookies prescindibles t\u00e9cnicamente, pero beneficiosas para el usuario. Este sitio web no<br\/>instalar\u00e1 cookies prescindibles sin el consentimiento previo del usuario.<\/li><\/ol>\n\n<p>El usuario tiene la posibilidad de configurar su navegador para ser alertado de la recepci\u00f3n de cookies y para<br\/>impedir su instalaci\u00f3n en su equipo. Por favor, consulte las instrucciones de su navegador para ampliar esta<br\/>informaci\u00f3n.<\/p>\n\n<p>Pol\u00edtica de enlaces<br\/>Desde el sitio web, es posible que se redirija a contenidos de terceros sitios web. Dado que el RESPONSABLE<br\/>no puede controlar siempre los contenidos introducidos por los terceros en sus respectivos sitios web, no<br\/>asume ning\u00fan tipo de responsabilidad respecto a dichos contenidos. En todo caso, proceder\u00e1 a la retirada<br\/>inmediata de cualquier contenido que pudiera contravenir la legislaci\u00f3n nacional o internacional, la moral o el<\/p>\n\n<p>orden p\u00fablico, procediendo a la retirada inmediata de la redirecci\u00f3n a dicho sitio web, poniendo en<br\/>conocimiento de las autoridades competentes el contenido en cuesti\u00f3n.<br\/>El RESPONSABLE no se hace responsable de la informaci\u00f3n y contenidos almacenados, a t\u00edtulo enunciativo,<br\/>pero no limitativo, en foros, chats, generadores de blogs, comentarios, redes sociales o cualquier otro medio<br\/>que permita a terceros publicar contenidos de forma independiente en la p\u00e1gina web del RESPONSABLE. Sin<br\/>embargo, y en cumplimiento de lo dispuesto en los art\u00edculos 11 y 16 de la LSSICE, se pone a disposici\u00f3n de<br\/>todos los usuarios, autoridades y fuerzas de seguridad, colaborando de forma activa en la retirada o, en su<br\/>caso, bloqueo de todos aquellos contenidos que puedan afectar o contravenir la legislaci\u00f3n nacional o<br\/>internacional, los derechos de terceros o la moral y el orden p\u00fablico. En caso de que el usuario considere que<br\/>existe en el sitio web alg\u00fan contenido que pudiera ser susceptible de esta clasificaci\u00f3n, se ruega lo notifique<br\/>de forma inmediata al administrador del sitio web.<br\/>Este sitio web ha sido revisado y probado para que funcione correctamente. En principio, puede garantizarse<br\/>el correcto funcionamiento los 365 d\u00edas del a\u00f1o, 24 horas al d\u00eda. Sin embargo, el RESPONSABLE no descarta la<br\/>posibilidad de que existan ciertos errores de programaci\u00f3n, o que acontezcan causas de fuerza mayor,<br\/>cat\u00e1strofes naturales, huelgas o circunstancias semejantes que hagan imposible el acceso a la p\u00e1gina web.<\/p>\n\n<p>Direcciones IP<br\/>Los servidores del sitio web podr\u00e1n detectar de manera autom\u00e1tica la direcci\u00f3n IP y el nombre de dominio<br\/>utilizados por el usuario. Una direcci\u00f3n IP es un n\u00famero asignado autom\u00e1ticamente a un ordenador cuando<br\/>\u00e9ste se conecta a Internet. Toda esta informaci\u00f3n es registrada en un fichero de actividad del servidor<br\/>debidamente inscrito que permite el posterior procesamiento de los datos con el fin de obtener mediciones<br\/>\u00fanicamente estad\u00edsticas que permitan conocer el n\u00famero de impresiones de p\u00e1ginas, el n\u00famero de visitas<br\/>realizadas a los servidores web, el orden de visitas, el punto de acceso, etc.<\/p>\n\n<ol class=\"wp-block-list\" start=\"4\"><li>LEY APLICABLE Y JURISDICCI\u00d3N<br\/>Para la resoluci\u00f3n de todas las controversias o cuestiones relacionadas con el presente sitio web o de las<br\/>actividades en \u00e9l desarrolladas, ser\u00e1 de aplicaci\u00f3n la legislaci\u00f3n espa\u00f1ola, a la que se someten expresamente<br\/>las partes, siendo competentes para la resoluci\u00f3n de todos los conflictos derivados o relacionados con su uso<br\/>los Juzgados y Tribunales m\u00e1s cercanos a BARCELONA.<\/li><\/ol>\n","protected":false},"excerpt":{"rendered":"<p>LEY DE LOS SERVICIOS DE LA SOCIEDAD DE LA INFORMACI\u00d3N (LSSI) PATRICIA CALVO VISIEDO, responsable [&hellip;]<\/p>\n","protected":false},"author":7,"featured_media":385,"parent":0,"menu_order":0,"comment_status":"closed","ping_status":"closed","template":"","meta":{"_acf_changed":false,"pgc_sgb_lightbox_settings":"","_joinchat":[],"footnotes":""},"class_list":["post-456","page","type-page","status-publish","has-post-thumbnail","hentry"],"acf":[],"_links":{"self":[{"href":"https:\/\/arquitecturasincera.com\/ca\/wp-json\/wp\/v2\/pages\/456","targetHints":{"allow":["GET"]}}],"collection":[{"href":"https:\/\/arquitecturasincera.com\/ca\/wp-json\/wp\/v2\/pages"}],"about":[{"href":"https:\/\/arquitecturasincera.com\/ca\/wp-json\/wp\/v2\/types\/page"}],"author":[{"embeddable":true,"href":"https:\/\/arquitecturasincera.com\/ca\/wp-json\/wp\/v2\/users\/7"}],"replies":[{"embeddable":true,"href":"https:\/\/arquitecturasincera.com\/ca\/wp-json\/wp\/v2\/comments?post=456"}],"version-history":[{"count":2,"href":"https:\/\/arquitecturasincera.com\/ca\/wp-json\/wp\/v2\/pages\/456\/revisions"}],"predecessor-version":[{"id":1133,"href":"https:\/\/arquitecturasincera.com\/ca\/wp-json\/wp\/v2\/pages\/456\/revisions\/1133"}],"wp:featuredmedia":[{"embeddable":true,"href":"https:\/\/arquitecturasincera.com\/ca\/wp-json\/wp\/v2\/media\/385"}],"wp:attachment":[{"href":"https:\/\/arquitecturasincera.com\/ca\/wp-json\/wp\/v2\/media?parent=456"}],"curies":[{"name":"wp","href":"https:\/\/api.w.org\/{rel}","templated":true}]}}