{"id":1177,"date":"2021-12-02T19:34:00","date_gmt":"2021-12-02T19:34:00","guid":{"rendered":"https:\/\/arquitecturasincera.com\/politica-de-cookies\/"},"modified":"2023-04-06T19:35:06","modified_gmt":"2023-04-06T19:35:06","slug":"politica-de-cookies","status":"publish","type":"page","link":"https:\/\/arquitecturasincera.com\/ca\/politica-de-cookies\/","title":{"rendered":"Pol\u00edtica de Cookies"},"content":{"rendered":"\n<h2 class=\"wp-block-heading\">QU\u00c8 S\u00d3N LES COOKIES?<\/h2>\n\n\n\n<p>Les cookies s\u00f3n petits fitxers de text que s'emmagatzemen en el dispositiu de l'usuari (ordinador, tel\u00e8fon m\u00f2bil, tauleta, etc.) en visitar determinats llocs web. Les cookies permeten a aquests llocs web recordar informaci\u00f3 sobre la visita de l'usuari, com les seves prefer\u00e8ncies de navegaci\u00f3, per millorar l'experi\u00e8ncia al lloc i oferir un servei m\u00e9s personalitzat.<\/p>\n\n\n\n<ol class=\"wp-block-list\" start=\"2\"><\/ol>\n\n\n\n<h2 class=\"wp-block-heading\">TIPUS DE COOKIES<\/h2>\n\n\n\n<p>Depenent de la seva finalitat, les cookies es poden classificar en:<\/p>\n\n\n\n<ol class=\"wp-block-list\" start=\"3\"><\/ol>\n\n\n\n<ul class=\"wp-block-list\">\n<li>Cookies t\u00e8cniques: Permeten a l'usuari navegar pel lloc web i utilitzar les diferents opcions i serveis que ofereix, com ara controlar la comunicaci\u00f3 de dades, identificar la sessi\u00f3, accedir a parts d'acc\u00e9s restringit, entre altres funcions.<\/li>\n\n\n\n<li>Cookies de personalitzaci\u00f3: Permeten a l'usuari accedir al servei amb algunes caracter\u00edstiques predefinides en funci\u00f3 d'una s\u00e8rie de criteris en el dispositiu de l'usuari, com ara l'idioma, el tipus de navegador, la configuraci\u00f3 regional, etc.<\/li>\n\n\n\n<li>Cookies d'an\u00e0lisi: Permeten al responsable del lloc web realitzar el seguiment i an\u00e0lisi del comportament dels usuaris en el lloc, amb la finalitat d'introduir millores en funci\u00f3 de l'an\u00e0lisi de les dades d'\u00fas.<\/li>\n\n\n\n<li>Cookies publicit\u00e0ries: Permeten la gesti\u00f3 eficient dels espais publicitaris inclosos en el lloc web, en base a criteris com el contingut editat o la freq\u00fc\u00e8ncia en qu\u00e8 es mostren els anuncis.<\/li>\n\n\n\n<li>Cookies de publicitat comportamental: Aquestes cookies emmagatzemen informaci\u00f3 sobre el comportament dels usuaris, obtinguda a trav\u00e9s de l'observaci\u00f3 continuada dels seus h\u00e0bits de navegaci\u00f3, la qual cosa permet desenvolupar un perfil espec\u00edfic per mostrar publicitat en funci\u00f3 del mateix.<\/li>\n<\/ul>\n\n\n\n<h2 class=\"wp-block-heading\">COOKIES UTILITZADES A ARQUITECTURASINCERA.COM<\/h2>\n\n\n\n<p>Aquest lloc web utilitza cookies pr\u00f2pies i de tercers amb les seg\u00fcents finalitats:<\/p>\n\n\n\n<ol class=\"wp-block-list\" start=\"4\"><\/ol>\n\n\n\n<ul class=\"wp-block-list\">\n<li>Cookies t\u00e8cniques: S\u00f3n necess\u00e0ries per al correcte funcionament del lloc web i la prestaci\u00f3 dels serveis oferts.<\/li>\n\n\n\n<li>Cookies d'an\u00e0lisi: Permeten analitzar la navegaci\u00f3 dels usuaris i millorar l'experi\u00e8ncia en el lloc web.<\/li>\n<\/ul>\n\n\n\n<h2 class=\"wp-block-heading\">GESTI\u00d3 DE COOKIES<\/h2>\n\n\n\n<p>Els usuaris poden configurar el seu navegador per acceptar o rebutjar totes les cookies, o per rebre una notificaci\u00f3 a la pantalla quan es rebi una cookie i decidir en aquell moment si s'instal\u00b7la o no en el seu dispositiu. Els procediments per gestionar les cookies poden variar segons el navegador utilitzat, per aix\u00f2 es recomana als usuaris que consultin les instruccions proporcionades pel fabricant del seu navegador.<\/p>\n\n\n\n<h2 class=\"wp-block-heading\">ACCEPTACI\u00d3 DE COOKIES<\/h2>\n\n\n\n<p>En utilitzar aquest lloc web, l'usuari accepta l'\u00fas de cookies i d\u00f3na el seu consentiment per a la seva instal\u00b7laci\u00f3 en el seu dispositiu, tal com s'ha indicat en aquesta Pol\u00edtica de Cookies. No obstant aix\u00f2, l'usuari t\u00e9 l'opci\u00f3 de revocar el seu consentiment i eliminar les cookies en qualsevol moment.<\/p>\n\n\n\n<h2 class=\"wp-block-heading\">CANVIS EN LA POL\u00cdTICA DE COOKIES<\/h2>\n\n\n\n<p>Ens reservem el dret a modificar la present Pol\u00edtica de Cookies per adaptar-la a noves legislacions, jurisprud\u00e8ncies, pr\u00e0ctiques del sector o interessos d'Arquitectura Sincera. En qualsevol cas, s'informar\u00e0 als usuaris dels canvis realitzats en la present Pol\u00edtica de Cookies mitjan\u00e7ant la publicaci\u00f3 d'una nova versi\u00f3 al lloc web arquitecturasincera.com.<\/p>\n\n\n\n<ol class=\"wp-block-list\" start=\"7\"><\/ol>\n\n\n\n<p>Es recomana als usuaris que revisin peri\u00f2dicament aquesta Pol\u00edtica de Cookies per estar informats sobre les \u00faltimes actualitzacions i modificacions aplicables.<\/p>\n\n\n\n<p>Data de l'\u00faltima actualitzaci\u00f3: 6 de abril de 2023<\/p>\n\n\n\n<ol class=\"wp-block-list\" start=\"6\"><\/ol>\n","protected":false},"excerpt":{"rendered":"<p>QU\u00c8 S\u00d3N LES COOKIES? Les cookies s\u00f3n petits fitxers de text que s'emmagatzemen en el [&hellip;]<\/p>\n","protected":false},"author":7,"featured_media":385,"parent":0,"menu_order":0,"comment_status":"closed","ping_status":"closed","template":"","meta":{"_acf_changed":false,"pgc_sgb_lightbox_settings":"","_joinchat":[],"footnotes":""},"class_list":["post-1177","page","type-page","status-publish","has-post-thumbnail","hentry"],"acf":[],"_links":{"self":[{"href":"https:\/\/arquitecturasincera.com\/ca\/wp-json\/wp\/v2\/pages\/1177","targetHints":{"allow":["GET"]}}],"collection":[{"href":"https:\/\/arquitecturasincera.com\/ca\/wp-json\/wp\/v2\/pages"}],"about":[{"href":"https:\/\/arquitecturasincera.com\/ca\/wp-json\/wp\/v2\/types\/page"}],"author":[{"embeddable":true,"href":"https:\/\/arquitecturasincera.com\/ca\/wp-json\/wp\/v2\/users\/7"}],"replies":[{"embeddable":true,"href":"https:\/\/arquitecturasincera.com\/ca\/wp-json\/wp\/v2\/comments?post=1177"}],"version-history":[{"count":1,"href":"https:\/\/arquitecturasincera.com\/ca\/wp-json\/wp\/v2\/pages\/1177\/revisions"}],"predecessor-version":[{"id":1179,"href":"https:\/\/arquitecturasincera.com\/ca\/wp-json\/wp\/v2\/pages\/1177\/revisions\/1179"}],"wp:featuredmedia":[{"embeddable":true,"href":"https:\/\/arquitecturasincera.com\/ca\/wp-json\/wp\/v2\/media\/385"}],"wp:attachment":[{"href":"https:\/\/arquitecturasincera.com\/ca\/wp-json\/wp\/v2\/media?parent=1177"}],"curies":[{"name":"wp","href":"https:\/\/api.w.org\/{rel}","templated":true}]}}